{"id":2653,"date":"2023-02-13T10:25:07","date_gmt":"2023-02-13T09:25:07","guid":{"rendered":"https:\/\/www.nuilani.de\/wordpress\/?page_id=2653"},"modified":"2023-02-13T11:43:09","modified_gmt":"2023-02-13T10:43:09","slug":"impressum","status":"publish","type":"page","link":"https:\/\/www.nuilani.de\/wordpress\/impressum\/","title":{"rendered":"Impressum"},"content":{"rendered":"<section id=\"bt_section69fb40922d4ef\"  class=\"boldSection topExtraSpaced bottomSmallSpaced btDarkSkin gutter inherit\" ><div class=\"port\"><div class=\"boldCell\"><div class=\"boldCellInner\"><div class=\"boldRow  \" ><div class=\"boldRowInner\"><div class=\"rowItem col-md-12 col-ms-12  btTextLeft animate animate-moveright btTopVertical btDoublePadding\"  ><div class=\"rowItemContent\" ><div class=\"btClear btSeparator bottomSemiSpaced noBorder\" ><hr><\/div><\/div><\/div><\/div><\/div><\/div><\/div><\/div><\/section><section id=\"bt_section69fb40922d75d\"  class=\"boldSection topSmallSpaced bottomSmallSpaced btLightSkin gutter inherit\" ><div class=\"port\"><div class=\"boldCell\"><div class=\"boldCellInner\"><div class=\"boldRow  \" ><div class=\"boldRowInner\"><div class=\"rowItem col-md-4 col-ms-12 btTextLeft animate animate-moveright btTopVertical btDoublePadding\"  ><div class=\"rowItemContent\" ><div class=\"btIconImageRow btIconsNormalPosition\" ><span class=\"btIco btIcoFilledType btIcoLargeSize btIcoAccentColor btIcoFromBottom  \" ><a href=\"mailto:hallo@nuilani.de?subject=Buchungsanfrage%20per%20Nuilani.de\"  target = \"no_target\" data-ico-fs=\"&#xf54c;\" class=\"btIcoHolder\"><em><\/em><span class=\"btIcoText\">Ralf jetzt buchen<\/span><\/a><\/span><\/div><\/div><\/div><div class=\"rowItem col-md-4 col-ms-12 btTextLeft animate animate-moveup btTopVertical btDoublePadding\" style=\"overflow: hidden; margin-bottom: 10px;\" ><div class=\"rowItemContent\" ><div class=\"btIconImageRow btIconsNormalPosition\" ><span class=\"btIco btIcoFilledType btIcoLargeSize btIcoAlterColor btIcoFromBottom  \" ><a href=\"mailto:hallo@nuilani.de?subject=Projektanfrage%20per%20Nuilani.de\"  target = \"no_target\" data-ico-fs=\"&#xf54c;\" class=\"btIcoHolder\"><em><\/em><span class=\"btIcoText\">Projekt anfragen<\/span><\/a><\/span><\/div><\/div><\/div><div class=\"rowItem col-md-4 col-ms-12 btTextLeft animate animate-moveleft btTopVertical btDoublePadding\" style=\"overflow: hidden; margin-bottom: 10px;\" ><div class=\"rowItemContent\" ><div class=\"btIconImageRow btIconsNormalPosition\" ><span class=\"btIco btIcoFilledType btIcoLargeSize btIcoDefaultColor btIcoFromBottom  \" ><a href=\"tel:+4915115773102\"  target = \"no_target\" data-ico-fs=\"&#xf54c;\" class=\"btIcoHolder\"><em><\/em><span class=\"btIcoText\">0151 15773102<\/span><\/a><\/span><\/div><\/div><\/div><\/div><\/div><\/div><\/div><\/div><\/section><section id=\"bt_section69fb40922e37b\"  class=\"boldSection topSpaced bottomSmallSpaced btLightSkin gutter inherit\" ><div class=\"port\"><div class=\"boldCell\"><div class=\"boldCellInner\"><div class=\"boldRow  \" ><div class=\"boldRowInner\"><div class=\"rowItem col-md-6 col-sm-12 btTextLeft animate animate-moveright btTopVertical\" style=\"overflow: hidden; margin-bottom: 10px;\" ><div class=\"rowItemContent\" ><header class=\"header btClear large  btAlternateDash\" ><div class=\"dash\"><h2><span class=\"headline\">Impressum<\/span><\/h2><\/div><\/header><div class=\"btClear btSeparator bottomSemiSpaced noBorder\" ><hr><\/div><\/div><\/div><div class=\"rowItem col-md-6 col-sm-12 btTextLeft animate animate-moveup btTopVertical\" style=\"overflow: hidden; margin-bottom: 10px;\" ><div class=\"rowItemContent\" ><div class=\"btClear btSeparator bottomSemiSpaced noBorder\" ><hr><\/div><div class=\"btClear btSeparator bottomSpaced noBorder\" ><hr><\/div><\/div><\/div><\/div><\/div><div class=\"boldRow  \" ><div class=\"boldRowInner\"><div class=\"rowItem col-md-6 col-sm-12 btTextLeft animate animate-moveright btTopVertical\" style=\"overflow: hidden; margin-bottom: 10px;\" ><div class=\"rowItemContent\" ><div class=\"btText\" ><h3><span style=\"color: #93161c;\">Angaben gem\u00e4\u00df \u00a7 5 TMG:<\/span><\/h3>\n<p><strong>NUILANI | Design &amp; Kommunikation<\/strong><br \/>\n<strong>Ralf Heller<\/strong> | Art Director &amp; Schriftsetzer<\/p>\n<p>Heddernheimer Landstra\u00dfe 20<br \/>\n60439 Frankfurt am Main<\/p>\n<h3><span style=\"color: #93161c;\">Kontakt:<\/span><\/h3>\n<p>Fon: 069 46091968<br \/>\nMobil: 0151 15773102<br \/>\nMail: <a href=\"mailto:hallo@nuilani.de?subject=Website-Anfrage\">hallo@nuilani.de<\/a><\/p>\n<h3><span style=\"color: #93161c;\">Verantwortlich f\u00fcr den Inhalt nach \u00a7 55 RStV<\/span><\/h3>\n<p><strong>Ralf Heller<\/strong><br \/>\nHeddernheimer Landstra\u00dfe 20<br \/>\n60439 Frankfurt am Main<\/p>\n<h3><span style=\"color: #93161c;\">Streitschlichtung<\/span><\/h3>\n<p>Die Europ\u00e4ische Kommission stellt eine Plattform zur Online-Streitbeilegung (OS) bereit: https:\/\/ec.europa.eu\/consumers\/odr.<br \/>\nUnsere E-Mail-Adresse finden Sie oben im Impressum.<\/p>\n<p>Wir sind nicht bereit oder verpflichtet, an Streitbeilegungsverfahren vor einer Verbraucherschlichtungsstelle teilzunehmen.<\/p>\n<h3><span style=\"color: #93161c;\">Haftung f\u00fcr Inhalte<\/span><\/h3>\n<p><strong>Inhalt des Onlineangebotes<\/strong><br \/>\nDer Autor \u00fcbernimmt keinerlei Gew\u00e4hr f\u00fcr die Aktualit\u00e4t, Richtigkeit und Vollst\u00e4ndigkeit der bereitgestellten Informationen auf unserer Website. Haftungsanspr\u00fcche gegen den Autor, welche sich auf Sch\u00e4den materieller oder ideeller Art beziehen, die durch die Nutzung oder Nichtnutzung der dargebotenen Informationen bzw. durch die Nutzung fehlerhafter und unvollst\u00e4ndiger Informationen verursacht wurden, sind grunds\u00e4tzlich ausgeschlossen, sofern seitens des Autors kein nachweislich vors\u00e4tzliches oder grob fahrl\u00e4ssiges Verschulden vorliegt.<\/p>\n<p>Alle Angebote sind freibleibend und unverbindlich. Der Autor beh\u00e4lt es sich ausdr\u00fccklich vor, Teile der Seiten oder das gesamte Angebot ohne gesonderte Ank\u00fcndigung zu ver\u00e4ndern, zu erg\u00e4nzen, zu l\u00f6schen oder die Ver\u00f6ffentlichung zeitweise oder endg\u00fcltig einzustellen.<\/p>\n<p><strong>Verweise und Links<\/strong><br \/>\nBei direkten oder indirekten Verweisen auf fremde Webseiten, die au\u00dferhalb des Verantwortungsbereiches des Autors liegen, w\u00fcrde eine Haftungsverpflichtung ausschlie\u00dflich in dem Fall in Kraft treten, in dem der Autor von den Inhalten Kenntnis hat und es ihm technisch m\u00f6glich und zumutbar w\u00e4re, die Nutzung im Falle rechtswidriger Inhalte zu verhindern.<\/p>\n<\/div><div class=\"btClear btSeparator bottomSemiSpaced noBorder\" ><hr><\/div><\/div><\/div><div class=\"rowItem col-md-6 col-sm-12 btTextLeft animate animate-moveup btTopVertical\" style=\"overflow: hidden; margin-bottom: 10px;\" ><div class=\"rowItemContent\" ><div class=\"btText\" ><p>Der Autor erkl\u00e4rt hiermit ausdr\u00fccklich, dass zum Zeitpunkt der Linksetzung keine illegalen Inhalte auf den zu verlinkenden Seiten erkennbar waren. Auf die aktuelle und zuk\u00fcnftige Gestaltung, die Inhalte oder die Urheberschaft der verlinkten\/verkn\u00fcpften Seiten hat der Autor keinerlei Einfluss. Deshalb distanziert er sich hiermit ausdr\u00fccklich von allen Inhalten aller verlinkten \/verkn\u00fcpften Seiten, die nach der Linksetzung ver\u00e4ndert wurden. Diese Feststellung gilt f\u00fcr alle innerhalb des eigenen Internetangebotes gesetzten Links und Verweise sowie f\u00fcr Fremdeintr\u00e4ge in vom Autor eingerichteten G\u00e4steb\u00fcchern, Diskussionsforen, Linkverzeichnissen, Mailinglisten und in allen anderen Formen von Datenbanken, auf deren Inhalt externe Schreibzugriffe m\u00f6glich sind. F\u00fcr illegale, fehlerhafte oder unvollst\u00e4ndige Inhalte und insbesondere f\u00fcr Sch\u00e4den, die aus der Nutzung oder Nichtnutzung solcherart dargebotener Informationen entstehen, haftet allein der Anbieter der Seite, auf welche verwiesen wurde, nicht derjenige, der \u00fcber Links auf die jeweilige Ver\u00f6ffentlichung lediglich verweist.<\/p>\n<p><strong>Urheber- und Kennzeichenrecht<\/strong><br \/>\nDer Autor ist bestrebt, in allen Publikationen die Urheberrechte der verwendeten Bilder, Grafiken, Tondokumente, Videosequenzen und Texte zu beachten, von ihm selbst erstellte Bilder, Grafiken, Tondokumente, Videosequenzen und Texte zu nutzen oder auf lizenzfreie Grafiken, Tondokumente, Videosequenzen und Texte zur\u00fcckzugreifen.<\/p>\n<p>Alle innerhalb des Internetangebotes genannten und ggf. durch Dritte gesch\u00fctzten Marken- und Warenzeichen unterliegen uneingeschr\u00e4nkt den Bestimmungen des jeweils g\u00fcltigen Kennzeichenrechts und den Besitzrechten der jeweiligen eingetragenen Eigent\u00fcmer. Allein aufgrund der blo\u00dfen Nennung ist nicht der Schluss zu ziehen, dass Markenzeichen nicht durch Rechte Dritter gesch\u00fctzt sind!<\/p>\n<p>Das Copyright f\u00fcr ver\u00f6ffentlichte, vom Autor selbst erstellte Objekte bleibt allein beim Autor der Seiten. Eine Vervielf\u00e4ltigung oder Verwendung solcher Grafiken, Tondokumente, Videosequenzen und Texte in anderen elektronischen oder gedruckten Publikationen ist ohne ausdr\u00fcckliche Zustimmung des Autors nicht gestattet.<\/p>\n<h3><span style=\"color: #93161c;\">Bildrechte<\/span><\/h3>\n<p>Das Copyright der auf dieser Website verwendeten Bilder liegt ausschliesslich \u2013 wenn nicht anders gekennzeichnet \u2013 bei Ralf Heller, NUILANI<\/p>\n<\/div><div class=\"btClear btSeparator bottomSpaced noBorder\" ><hr><\/div><\/div><\/div><\/div><\/div><\/div><\/div><\/div><\/section>","protected":false},"excerpt":{"rendered":"","protected":false},"author":1,"featured_media":0,"parent":0,"menu_order":0,"comment_status":"closed","ping_status":"closed","template":"","meta":[],"_links":{"self":[{"href":"https:\/\/www.nuilani.de\/wordpress\/wp-json\/wp\/v2\/pages\/2653"}],"collection":[{"href":"https:\/\/www.nuilani.de\/wordpress\/wp-json\/wp\/v2\/pages"}],"about":[{"href":"https:\/\/www.nuilani.de\/wordpress\/wp-json\/wp\/v2\/types\/page"}],"author":[{"embeddable":true,"href":"https:\/\/www.nuilani.de\/wordpress\/wp-json\/wp\/v2\/users\/1"}],"replies":[{"embeddable":true,"href":"https:\/\/www.nuilani.de\/wordpress\/wp-json\/wp\/v2\/comments?post=2653"}],"version-history":[{"count":18,"href":"https:\/\/www.nuilani.de\/wordpress\/wp-json\/wp\/v2\/pages\/2653\/revisions"}],"predecessor-version":[{"id":2687,"href":"https:\/\/www.nuilani.de\/wordpress\/wp-json\/wp\/v2\/pages\/2653\/revisions\/2687"}],"wp:attachment":[{"href":"https:\/\/www.nuilani.de\/wordpress\/wp-json\/wp\/v2\/media?parent=2653"}],"curies":[{"name":"wp","href":"https:\/\/api.w.org\/{rel}","templated":true}]}}