{"id":2682,"date":"2023-02-13T11:40:39","date_gmt":"2023-02-13T10:40:39","guid":{"rendered":"https:\/\/www.nuilani.de\/wordpress\/?page_id=2682"},"modified":"2023-02-13T11:42:44","modified_gmt":"2023-02-13T10:42:44","slug":"agbs","status":"publish","type":"page","link":"https:\/\/www.nuilani.de\/wordpress\/agbs\/","title":{"rendered":"Allgemeine Gesch\u00e4ftsbedingungen"},"content":{"rendered":"<section id=\"bt_section69f3b02f71437\"  class=\"boldSection topExtraSpaced bottomSmallSpaced btDarkSkin gutter inherit\" ><div class=\"port\"><div class=\"boldCell\"><div class=\"boldCellInner\"><div class=\"boldRow  \" ><div class=\"boldRowInner\"><div class=\"rowItem col-md-12 col-ms-12  btTextLeft animate animate-moveright btTopVertical btDoublePadding\"  ><div class=\"rowItemContent\" ><div class=\"btClear btSeparator bottomSemiSpaced noBorder\" ><hr><\/div><\/div><\/div><\/div><\/div><\/div><\/div><\/div><\/section><section id=\"bt_section69f3b02f716f8\"  class=\"boldSection topSmallSpaced bottomSmallSpaced btLightSkin gutter inherit\" ><div class=\"port\"><div class=\"boldCell\"><div class=\"boldCellInner\"><div class=\"boldRow  \" ><div class=\"boldRowInner\"><div class=\"rowItem col-md-4 col-ms-12 btTextLeft animate animate-moveright btTopVertical btDoublePadding\"  ><div class=\"rowItemContent\" ><div class=\"btIconImageRow btIconsNormalPosition\" ><span class=\"btIco btIcoFilledType btIcoLargeSize btIcoAccentColor btIcoFromBottom  \" ><a href=\"mailto:hallo@nuilani.de?subject=Buchungsanfrage%20per%20Nuilani.de\"  target = \"no_target\" data-ico-fs=\"&#xf54c;\" class=\"btIcoHolder\"><em><\/em><span class=\"btIcoText\">Ralf jetzt buchen<\/span><\/a><\/span><\/div><\/div><\/div><div class=\"rowItem col-md-4 col-ms-12 btTextLeft animate animate-moveup btTopVertical btDoublePadding\" style=\"overflow: hidden; margin-bottom: 10px;\" ><div class=\"rowItemContent\" ><div class=\"btIconImageRow btIconsNormalPosition\" ><span class=\"btIco btIcoFilledType btIcoLargeSize btIcoAlterColor btIcoFromBottom  \" ><a href=\"mailto:hallo@nuilani.de?subject=Projektanfrage%20per%20Nuilani.de\"  target = \"no_target\" data-ico-fs=\"&#xf54c;\" class=\"btIcoHolder\"><em><\/em><span class=\"btIcoText\">Projekt anfragen<\/span><\/a><\/span><\/div><\/div><\/div><div class=\"rowItem col-md-4 col-ms-12 btTextLeft animate animate-moveleft btTopVertical btDoublePadding\" style=\"overflow: hidden; margin-bottom: 10px;\" ><div class=\"rowItemContent\" ><div class=\"btIconImageRow btIconsNormalPosition\" ><span class=\"btIco btIcoFilledType btIcoLargeSize btIcoDefaultColor btIcoFromBottom  \" ><a href=\"tel:+4915115773102\"  target = \"no_target\" data-ico-fs=\"&#xf54c;\" class=\"btIcoHolder\"><em><\/em><span class=\"btIcoText\">0151 15773102<\/span><\/a><\/span><\/div><\/div><\/div><\/div><\/div><\/div><\/div><\/div><\/section><section id=\"bt_section69f3b02f724cd\"  class=\"boldSection topSpaced bottomSmallSpaced btLightSkin gutter inherit\" ><div class=\"port\"><div class=\"boldCell\"><div class=\"boldCellInner\"><div class=\"boldRow  \" ><div class=\"boldRowInner\"><div class=\"rowItem col-md-6 col-sm-12 btTextLeft animate animate-moveright btTopVertical\" style=\"overflow: hidden; margin-bottom: 10px;\" ><div class=\"rowItemContent\" ><header class=\"header btClear large  btAlternateDash\" ><div class=\"dash\"><h2><span class=\"headline\">Allgemeine Gesch\u00e4ftsbedingungen<\/span><\/h2><\/div><\/header><div class=\"btClear btSeparator bottomSemiSpaced noBorder\" ><hr><\/div><\/div><\/div><div class=\"rowItem col-md-6 col-sm-12 btTextLeft animate animate-moveup btTopVertical\" style=\"overflow: hidden; margin-bottom: 10px;\" ><div class=\"rowItemContent\" ><div class=\"btClear btSeparator bottomSemiSpaced noBorder\" ><hr><\/div><div class=\"btClear btSeparator bottomSpaced noBorder\" ><hr><\/div><\/div><\/div><\/div><\/div><div class=\"boldRow  \" ><div class=\"boldRowInner\"><div class=\"rowItem col-md-6 col-sm-12 btTextLeft animate animate-moveright btTopVertical\" style=\"overflow: hidden; margin-bottom: 10px;\" ><div class=\"rowItemContent\" ><div class=\"btText\" ><h3><span style=\"color: #93161c;\">1. Geltungsbereich<\/span><\/h3>\n<p>Diese Allgemeinen Gesch\u00e4ftsbedingungen gelten fu\u0308r alle zwischen Nuilani, Ralf Heller und ihrem Auftraggeber abgeschlossenen Vertr\u00e4ge. Diese kommen auch dann zustande, wenn, anstatt eines ordentlichen Werkvertrages, ein unterschriebener Kostenvoranschlag vorliegt. Die Gesch\u00e4ftsbedingungen sind vereinbart, wenn der Auftraggeber ihnen nicht unverzu\u0308glich nach dem Zugang schriftlich widerspricht.<\/p>\n<h3><span style=\"color: #93161c;\">2. Leistungspflichten<\/span><\/h3>\n<p><strong>2.1.<\/strong> Nuilani erstellt auf Grundlage des vom Auftraggeber erteilten Auftrags ein Multimediaprodukt (Print oder Nonprint) fu\u0308r den Auftraggeber. Im Rahmen des Auftrages besteht fu\u0308r Nuilani Gestaltungsfreiheit. Art und Umfang der konkret zu erbringenden Leistung werden ggf. in der Auftragsbest\u00e4tigung und dem Pflichtenheft festgehalten.<br \/>\n<strong>2.2.<\/strong> Der Auftraggeber hat Nuilani die fu\u0308r die Gestaltung und Programmierung des Auftrags erforderlichen Bestandsdaten und Informationen zur Verfu\u0308gung zu stellen.<\/p>\n<h3><span style=\"color: #93161c;\">3. Verg\u00fctung<\/span><\/h3>\n<p><strong>3.1.<\/strong> Die Vergu\u0308tung von Nuilani erfolgt grunds\u00e4tzlich nach Zeitaufwand. Die Rechnungsstellung erfolgt in der Regel nach Abschluss der Arbeit. Die F\u00e4lligkeit ist 14 Tage nach Rechnungsstellung. Ma\u00dfgeblich fu\u0308r die Vergu\u0308tung des Zeitaufwandes sind, soweit nicht etwas anderes vereinbart ist, die jeweils gu\u0308ltigen Vergu\u0308tungss\u00e4tze von Nuilani jeweils zzgl. MwSt.<br \/>\n<strong>3.2.<\/strong> Nuilani ist berechtigt, die den Vereinbarungen zugrundeliegenden Vergu\u0308tungss\u00e4tze nach beliebigem Ermessen (\u00a7 315 BGB) zu \u00e4ndern oder zu erg\u00e4nzen.<br \/>\n<strong>3.3.<\/strong> Bis zur vollst\u00e4ndigen Zahlung der Vergu\u0308tung ist dem Auftraggeber der Einsatz der erbrachten Leistung nur widerruflich gestattet. Alle vertraglich vereinbarten Eigentums- und Nutzungsrechte gehen erst bei vollst\u00e4ndiger Bezahlung Vergu\u0308tung auf den Auftraggeber u\u0308ber.<\/p>\n<h3><span style=\"color: #93161c;\">4. Urheber und Nutzungsrechte<\/span><\/h3>\n<p><strong>4.1.<\/strong> Der Auftraggeber versichert, dass er zur Verwendung aller Nuilani u\u0308bergebenen Vorlagen berechtigt ist und dass diese Vorlagen von Rechten Dritter frei sind. Nuilani unterliegt insoweit keiner \u00dcberpru\u0308fungspflicht. Sollte der Auftraggeber entgegen dieser Versicherung nicht zur Verwendung berechtigt oder sollten die Vorlagen nicht frei von Rechten Dritter sein, stellt er Nuilani im Innenverh\u00e4ltnis von allen Ersatzanspru\u0308chen Dritter frei.<br \/>\n<strong>4.2.<\/strong> Nuilani u\u0308bertr\u00e4gt dem Auftraggeber die fu\u0308r den jeweiligen Verwendungszweck erforderlichen Nutzungsrechte. Soweit nichts anderes vereinbart ist, u\u0308bertr\u00e4gt Nuilani dem Auftraggeber an der erbrachten Leistung ein einfaches, zeitlich und r\u00e4umlich nicht beschr\u00e4nktes Recht diese vertragsgem\u00e4\u00df zu nutzen. Der vertraglich bestimmte Zweck ergibt sich im Zweifel aus dem, was in der Auftragsbest\u00e4tigung und\/oder dem Pflichtenheft festgelegt wurde. Soweit Software Gegenstand der Leistung ist gelten die \u00a7\u00a7 69 ff. des UrhG.<br \/>\n<strong>4.3.<\/strong> Eine weitergehende Nutzung als in 4.1 beschrieben ist unzul\u00e4ssig. Nuilani ist nicht verpflichtet folgende Rechte an den Auftraggeber herauszugeben bzw. zu u\u0308bertragen:<br \/>\n<strong>a)<\/strong> Eigentums- und Verwertungsrechte an dem Quellcode und den Quelldaten sowie die Rechte an lizenzierter Software.<br \/>\n<strong>b)<\/strong> Das Recht Unterlizenzen zu erteilen und die Leistung zu vervielf\u00e4ltigen und zu vermieten.<br \/>\n<strong>c)<\/strong> Das Recht Entwu\u0308rfe, Layouts und Reinzeichnungen im Original oder bei der Reproduktion zu ver\u00e4ndern.<br \/>\nJede vollst\u00e4ndige oder teilweise Nachahmung ist unzul\u00e4ssig.<br \/>\n<strong>4.4.<\/strong> Wu\u0308nscht der Auftraggeber, die zur Verfu\u0308gungsstellung dieser Rechte als ganzes oder in Teilen, ist dies schriftlich zu vereinbaren und gesondert zu vergu\u0308ten.<br \/>\n<strong>4.5.<\/strong> Nuilani bleibt in jedem Fall, auch wenn sie das ausschlie\u00dfliche Nutzungsrecht einger\u00e4umt hat, berechtigt, ihre Entwu\u0308rfe und Vervielf\u00e4ltigungen davon im Rahmen der Eigenwerbung zu verwenden.<br \/>\n<strong>4.6.<\/strong> Nuilani hat das Recht, auf den Vervielf\u00e4ltigungsstu\u0308cken (Hard- und Softkopien) als Urheber genannt zu werden. Verletzt der Auftraggeber das Recht auf Namensnennung, ist er verpflichtet, Nuilani eine von Nuilani der H\u00f6he nach festzusetzende und im Streitfall vom zust\u00e4ndigen Gericht zu u\u0308berpru\u0308fende Vertragsstrafe zu zahlen.<\/p>\n<\/div><div class=\"btClear btSeparator bottomSemiSpaced noBorder\" ><hr><\/div><\/div><\/div><div class=\"rowItem col-md-6 col-sm-12 btTextLeft animate animate-moveup btTopVertical\" style=\"overflow: hidden; margin-bottom: 10px;\" ><div class=\"rowItemContent\" ><div class=\"btText\" ><h3><span style=\"color: #93161c;\">5. Fremdleistung<\/span><\/h3>\n<p><strong>5.1.<\/strong> Nuilani ist berechtigt, die zur Auftragserfu\u0308llung notwendigen Fremdleistungen im Namen und fu\u0308r Rechung des Auftraggeber zu bestellen. Der Auftraggeber erteilt Nuilani die hierfu\u0308r erforderlichen Vollmachten.<br \/>\n<strong>5.2.<\/strong> Soweit im Einzelfall Vertr\u00e4ge u\u0308ber Fremdleistungen im Namen und fu\u0308r Rechnung Nuilani abgeschlossen werden tr\u00e4gt der Auftraggeber gegen Nachweis s\u00e4mtliche Auslagen wie Reise- und \u00dcbernachtungskosten, Spesen und im Rahmen der Vertragdurchfu\u0308hrung anfallende Entgeltforderungen Dritter. Die reine Reisezeit wird nicht vergu\u0308tet.<\/p>\n<h3><span style=\"color: #93161c;\">6. Abnahme, Haftung, Gew\u00e4hleistung<\/span><\/h3>\n<p><strong>6.1.<\/strong> Sofern keine der Vertragsparteien eine f\u00f6rmliche Abnahme verlangt, oder sofern der von einer Partei vereinbarte Abnahmetermin aus einem Grund nicht zustande kommt, der vom Auftraggeber zu verantworten ist, gilt die vertragliche Leistung mit Nutzung durch den Auftraggeber als abgenommen. Mit der Abnahme des Werkes u\u0308bernimmt der Auftraggeber die Verantwortung fu\u0308r die Richtigkeit von Text und Bild.<br \/>\n<strong>6.2.<\/strong> Gefahr und Kosten des Transports von Datentr\u00e4gern, Dateien und Daten online und offline tr\u00e4gt der Auftraggeber.<br \/>\n<strong>6.3.<\/strong> Nuilani haftet nur bei Vorsatz und grober Fahrl\u00e4ssigkeit. Soweit Kaufrecht Anwendung findet, besteht die Gew\u00e4hrleistung im gesch\u00e4ftlichen Verkehr fu\u0308r 1 Jahr. Die Haftung von Nuilani ist ausgeschlossen fu\u0308r M\u00e4ngel, die aufgrund unsachgem\u00e4\u00dfer Behandlung oder durch Eingriffe Dritter oder des Auftraggebers selbst nach der \u00dcbergabe entstehen. Nuilani kann die Nacherfu\u0308llung verweigern, solange der Auftraggeber die fu\u0308r die Erstellungsleistung geschuldete Vergu\u0308tung noch nicht vollst\u00e4ndig gezahlt hat und die ausstehende Vergu\u0308tung unter Beru\u0308cksichtigung des Mangels nicht unverh\u00e4ltnism\u00e4\u00dfig hoch ist.<br \/>\n<strong>6.4.<\/strong> Nuilani wird ein zweimaliges Nachbesserungsrecht einger\u00e4umt.<\/p>\n<h3><span style=\"color: #93161c;\">7. Herausgabe von Daten<br \/>\n<\/span><\/h3>\n<p><strong>7.1.<\/strong> Nuilani ist nicht verpflichtet, Quelldaten herauszugeben. Wu\u0308nscht der Auftraggeber, dass Nuilani ihm Quelldaten zur Verfu\u0308gung stellt, ist dies schriftlich zu vereinbaren und gesondert zu vergu\u0308ten.<br \/>\n<strong>7.2.<\/strong> Gefahr und Kosten des Transports von Quelldaten online und offline tr\u00e4gt der Auftraggeber.<br \/>\n<strong>7.3.<\/strong> Nuilani haftet au\u00dfer bei Vorsatz und grober Fahrl\u00e4ssigkeit nicht fu\u0308r M\u00e4ngel an Quelldaten. Die Haftung von Nuilani ist ausgeschlossen bei Fehlern an Datentr\u00e4gern, Dateien und Daten, die beim Datenimport auf das System des Auftraggebers entstehen.<\/p>\n<h3><span style=\"color: #93161c;\">8. Geheimhaltung, Schlu\u00dfbestimmungen<\/span><\/h3>\n<p><strong>8.1.<\/strong> Die Vertragsparteien vereinbaren Vertraulichkeit u\u0308ber den Inhalt dieses Vertrages und u\u0308ber die bei dessen Abwicklung gewonnenen Erkenntnisse<br \/>\nzu wahren. Und zwar auch u\u0308ber die Beendigung dieses Vertrages hinaus.<br \/>\n<strong>8.2.<\/strong> Erfu\u0308llungsort und Gerichtsstand ist Frankfurt am Main.<br \/>\n<strong>8.3.<\/strong> Fu\u0308r den Fall, dass der Auftraggeber keinen allgemeinen Gerichtsstand in der Bundesrepublik Deutschland hat oder seinen Sitz oder gew\u00f6hnlichen Aufenthalt nach Vertragsabschluss ins Ausland verlegt, wird der Sitz von Nuilani als Gerichtsstand vereinbart.<br \/>\n<strong>8.4.<\/strong> Ist eine der vorstehenden Gesch\u00e4ftsbedingungen unwirksam, so beru\u0308hrt dies die Wirksamkeit der u\u0308brigen Gesch\u00e4ftsbedingungen nicht.<\/p>\n<p><strong>Stand:<\/strong> 02\/2023<\/p>\n<\/div><div class=\"btClear btSeparator bottomSpaced noBorder\" ><hr><\/div><\/div><\/div><\/div><\/div><\/div><\/div><\/div><\/section>","protected":false},"excerpt":{"rendered":"","protected":false},"author":1,"featured_media":0,"parent":0,"menu_order":0,"comment_status":"closed","ping_status":"closed","template":"","meta":[],"_links":{"self":[{"href":"https:\/\/www.nuilani.de\/wordpress\/wp-json\/wp\/v2\/pages\/2682"}],"collection":[{"href":"https:\/\/www.nuilani.de\/wordpress\/wp-json\/wp\/v2\/pages"}],"about":[{"href":"https:\/\/www.nuilani.de\/wordpress\/wp-json\/wp\/v2\/types\/page"}],"author":[{"embeddable":true,"href":"https:\/\/www.nuilani.de\/wordpress\/wp-json\/wp\/v2\/users\/1"}],"replies":[{"embeddable":true,"href":"https:\/\/www.nuilani.de\/wordpress\/wp-json\/wp\/v2\/comments?post=2682"}],"version-history":[{"count":3,"href":"https:\/\/www.nuilani.de\/wordpress\/wp-json\/wp\/v2\/pages\/2682\/revisions"}],"predecessor-version":[{"id":2685,"href":"https:\/\/www.nuilani.de\/wordpress\/wp-json\/wp\/v2\/pages\/2682\/revisions\/2685"}],"wp:attachment":[{"href":"https:\/\/www.nuilani.de\/wordpress\/wp-json\/wp\/v2\/media?parent=2682"}],"curies":[{"name":"wp","href":"https:\/\/api.w.org\/{rel}","templated":true}]}}